{"id":1535,"date":"2021-11-05T21:51:52","date_gmt":"2021-11-05T21:51:52","guid":{"rendered":"http:\/\/egecontrols.com.tr\/?page_id=1535"},"modified":"2022-01-26T14:53:24","modified_gmt":"2022-01-26T14:53:24","slug":"ecoflo-gv-high-pressure-control-valves","status":"publish","type":"page","link":"http:\/\/egecontrols.com.tr\/tr\/ecoflo-gv-high-pressure-control-valves\/","title":{"rendered":"ecoflo-GV Y\u00fcksek Bas\u0131n\u00e7 Kontrol Vanas\u0131"},"content":{"rendered":"<div data-elementor-type=\"wp-page\" data-elementor-id=\"1535\" class=\"elementor elementor-1535\">\n\t\t\t\t\t\t<section class=\"elementor-section elementor-top-section elementor-element elementor-element-16962ed1 animated-slow elementor-section-boxed elementor-section-height-default elementor-section-height-default elementor-invisible\" data-id=\"16962ed1\" data-element_type=\"section\" data-e-type=\"section\" data-settings=\"{&quot;animation&quot;:&quot;fadeInUp&quot;}\">\n\t\t\t\t\t\t<div class=\"elementor-container elementor-column-gap-default\">\n\t\t\t\t\t<div class=\"elementor-column elementor-col-50 elementor-top-column elementor-element elementor-element-4d554b9\" data-id=\"4d554b9\" data-element_type=\"column\" data-e-type=\"column\">\n\t\t\t<div class=\"elementor-widget-wrap elementor-element-populated\">\n\t\t\t\t\t\t<div class=\"elementor-element elementor-element-1c6a473 elementor-widget elementor-widget-heading\" data-id=\"1c6a473\" data-element_type=\"widget\" data-e-type=\"widget\" data-widget_type=\"heading.default\">\n\t\t\t\t<div class=\"elementor-widget-container\">\n\t\t\t\t\t<h2 class=\"elementor-heading-title elementor-size-default\">ecoflo-GV<\/h2>\t\t\t\t<\/div>\n\t\t\t\t<\/div>\n\t\t\t\t<div class=\"elementor-element elementor-element-30a3edd elementor-widget elementor-widget-text-editor\" data-id=\"30a3edd\" data-element_type=\"widget\" data-e-type=\"widget\" data-widget_type=\"text-editor.default\">\n\t\t\t\t<div class=\"elementor-widget-container\">\n\t\t\t\t\t\t\t\t\t<p>Y\u00fcksek Bas\u0131n\u00e7 Kontrol Vanas\u0131\u00a0<br \/>PN63&#8230;PN630 (ANSI 600&#8230;.ANSI 4500)<\/p>\t\t\t\t\t\t\t\t<\/div>\n\t\t\t\t<\/div>\n\t\t\t\t<div class=\"elementor-element elementor-element-d8d2d3e elementor-arrows-position-inside elementor-widget elementor-widget-image-carousel\" data-id=\"d8d2d3e\" data-element_type=\"widget\" data-e-type=\"widget\" data-settings=\"{&quot;slides_to_show&quot;:&quot;1&quot;,&quot;navigation&quot;:&quot;arrows&quot;,&quot;autoplay_speed&quot;:4000,&quot;autoplay&quot;:&quot;yes&quot;,&quot;pause_on_hover&quot;:&quot;yes&quot;,&quot;pause_on_interaction&quot;:&quot;yes&quot;,&quot;infinite&quot;:&quot;yes&quot;,&quot;effect&quot;:&quot;slide&quot;,&quot;speed&quot;:500}\" data-widget_type=\"image-carousel.default\">\n\t\t\t\t<div class=\"elementor-widget-container\">\n\t\t\t\t\t\t\t<div class=\"elementor-image-carousel-wrapper swiper\" role=\"region\" aria-roledescription=\"carousel\" aria-label=\"Resim D\u00f6ng\u00fcs\u00fc\" dir=\"ltr\" data-no-translation-aria-label=\"\">\n\t\t\t<div class=\"elementor-image-carousel swiper-wrapper\" aria-live=\"off\">\n\t\t\t\t\t\t\t\t<div class=\"swiper-slide\" role=\"group\" aria-roledescription=\"slide\" aria-label=\"1 \/ 5\" data-no-translation-aria-label=\"\"><figure class=\"swiper-slide-inner\"><img decoding=\"async\" class=\"swiper-slide-image\" src=\"https:\/\/egecontrols.com.tr\/wp-content\/uploads\/2022\/01\/ecoflo-GV-High-Pressure-Control-Valves-1-01.jpg\" alt=\"ecoflo-GV High Pressure Control Valves-1-01\" \/><\/figure><\/div><div class=\"swiper-slide\" role=\"group\" aria-roledescription=\"slide\" aria-label=\"2 \/ 5\" data-no-translation-aria-label=\"\"><figure class=\"swiper-slide-inner\"><img decoding=\"async\" class=\"swiper-slide-image\" src=\"https:\/\/egecontrols.com.tr\/wp-content\/uploads\/2022\/01\/ecoflo-GV-High-Pressure-Control-Valves-2-01.jpg\" alt=\"ecoflo-GV High Pressure Control Valves-2-01\" \/><\/figure><\/div><div class=\"swiper-slide\" role=\"group\" aria-roledescription=\"slide\" aria-label=\"3 \/ 5\" data-no-translation-aria-label=\"\"><figure class=\"swiper-slide-inner\"><img decoding=\"async\" class=\"swiper-slide-image\" src=\"https:\/\/egecontrols.com.tr\/wp-content\/uploads\/2022\/01\/ecoflo-GV-High-Pressure-Control-Valves-3-01.jpg\" alt=\"ecoflo-GV High Pressure Control Valves-3-01\" \/><\/figure><\/div><div class=\"swiper-slide\" role=\"group\" aria-roledescription=\"slide\" aria-label=\"4 \/ 5\" data-no-translation-aria-label=\"\"><figure class=\"swiper-slide-inner\"><img decoding=\"async\" class=\"swiper-slide-image\" src=\"https:\/\/egecontrols.com.tr\/wp-content\/uploads\/2022\/01\/ecoflo-GV-High-Pressure-Control-Valves-4-01.jpg\" alt=\"ecoflo-GV High Pressure Control Valves-4-01\" \/><\/figure><\/div><div class=\"swiper-slide\" role=\"group\" aria-roledescription=\"slide\" aria-label=\"5 \/ 5\" data-no-translation-aria-label=\"\"><figure class=\"swiper-slide-inner\"><img decoding=\"async\" class=\"swiper-slide-image\" src=\"https:\/\/egecontrols.com.tr\/wp-content\/uploads\/2022\/01\/ecoflo-GV-High-Pressure-Control-Valves-5-01.jpg\" alt=\"ecoflo-GV High Pressure Control Valves-5-01\" \/><\/figure><\/div>\t\t\t<\/div>\n\t\t\t\t\t\t\t\t\t\t\t\t<div class=\"elementor-swiper-button elementor-swiper-button-prev\" role=\"button\" tabindex=\"0\">\n\t\t\t\t\t\t<i aria-hidden=\"true\" class=\"eicon-chevron-left\"><\/i>\t\t\t\t\t<\/div>\n\t\t\t\t\t<div class=\"elementor-swiper-button elementor-swiper-button-next\" role=\"button\" tabindex=\"0\">\n\t\t\t\t\t\t<i aria-hidden=\"true\" class=\"eicon-chevron-right\"><\/i>\t\t\t\t\t<\/div>\n\t\t\t\t\n\t\t\t\t\t\t\t\t\t<\/div>\n\t\t\t\t\t\t<\/div>\n\t\t\t\t<\/div>\n\t\t\t\t<div class=\"elementor-element elementor-element-3677784 elementor-widget elementor-widget-text-editor\" data-id=\"3677784\" data-element_type=\"widget\" data-e-type=\"widget\" data-widget_type=\"text-editor.default\">\n\t\t\t\t<div class=\"elementor-widget-container\">\n\t\t\t\t\t\t\t\t\t<p>ecoflo-GV  serisi y\u00fcksek bas\u0131n\u00e7 kontrol vanalar\u0131, DN15 (1\/2\") ile DN300 (12\") aras\u0131 \u00e7aplarda s\u0131v\u0131lar, gazlar ve buhar\u0131n ak\u0131\u015f kontrol\u00fc i\u00e7in tasarlanm\u0131\u015ft\u0131r.<\/p><p>Glob vanalar, uzun s\u00fcreli s\u0131zd\u0131rmazl\u0131k \u00f6zelli\u011fi, sa\u011flam konstr\u00fcksiyonu ve geni\u015f malzeme se\u00e7enekleri ile \u00e7o\u011fu end\u00fcstriyel uygulama i\u00e7in geleneksel bir \u00e7\u00f6z\u00fcm olup ak\u0131\u015f karakteristi\u011fi itibar\u0131 ile \u00f6zellikle oransal kontrol i\u00e7in tercih edilmektedir.<\/p><p>En tipik kontrol uygulamalar\u0131 aras\u0131nda s\u0131cakl\u0131k, debi, bas\u0131n\u00e7 ve seviye kontrol\u00fc yer almakta,bunlara ilaveten end\u00fcstriyel otomasyonun oldu\u011fu her noktada farkl\u0131 uygulama alanlar\u0131 da bulabilmektedir.<\/p><p>ISO 9001:2015 Kalite G\u00fcvence Sistemi alt\u0131nda T\u00fcrkiye'de \u00fcretilen ecoflo-GV serisi glob tip kontrol vanalar\u0131, kimya, petrokimya, enerji, metalurji, ka\u011f\u0131t, g\u0131da, ila\u00e7 ve su ar\u0131tma gibi proses-yo\u011fun end\u00fcstrilerin yan\u0131s\u0131ra tekstil, g\u0131da, ambalaj gibi sekt\u00f6rlerin makina otomasyonu i\u00e7in y\u00fcksek imalat kalitesi ve sat\u0131\u015f \u00f6ncesi ve sonras\u0131 \u00fcretici firma deste\u011fi ile sunulmaktad\u0131r.<\/p>\t\t\t\t\t\t\t\t<\/div>\n\t\t\t\t<\/div>\n\t\t\t\t<div class=\"elementor-element elementor-element-bcb43a0 elementor-align-left elementor-widget elementor-widget-button\" data-id=\"bcb43a0\" data-element_type=\"widget\" data-e-type=\"widget\" data-widget_type=\"button.default\">\n\t\t\t\t<div class=\"elementor-widget-container\">\n\t\t\t\t\t\t\t\t\t<div class=\"elementor-button-wrapper\">\n\t\t\t\t\t<a class=\"elementor-button elementor-button-link elementor-size-sm\" href=\"http:\/\/egecontrols.com.tr\/wp-content\/uploads\/2022\/01\/ecoflo_gv_yuksek_basinc_kontrol_vanalari_tr.pdf\" target=\"_blank\">\n\t\t\t\t\t\t<span class=\"elementor-button-content-wrapper\">\n\t\t\t\t\t\t<span class=\"elementor-button-icon\">\n\t\t\t\t<i aria-hidden=\"true\" class=\"fas fa-file-pdf\"><\/i>\t\t\t<\/span>\n\t\t\t\t\t\t\t\t\t<span class=\"elementor-button-text\">\u00dcr\u00fcn katalo\u011fumuzu indirebilirsiniz<\/span>\n\t\t\t\t\t<\/span>\n\t\t\t\t\t<\/a>\n\t\t\t\t<\/div>\n\t\t\t\t\t\t\t\t<\/div>\n\t\t\t\t<\/div>\n\t\t\t\t<div class=\"elementor-element elementor-element-7b1cdb1 elementor-widget elementor-widget-heading\" data-id=\"7b1cdb1\" data-element_type=\"widget\" data-e-type=\"widget\" data-widget_type=\"heading.default\">\n\t\t\t\t<div class=\"elementor-widget-container\">\n\t\t\t\t\t<h2 class=\"elementor-heading-title elementor-size-default\">\u00d6ZELL\u0130KLER<\/h2>\t\t\t\t<\/div>\n\t\t\t\t<\/div>\n\t\t\t\t<div class=\"elementor-element elementor-element-6520c4d elementor-widget elementor-widget-text-editor\" data-id=\"6520c4d\" data-element_type=\"widget\" data-e-type=\"widget\" data-widget_type=\"text-editor.default\">\n\t\t\t\t<div class=\"elementor-widget-container\">\n\t\t\t\t\t\t\t\t\t<ul><li>DN15 (1\/2\") ile DN300 (12\") aras\u0131 ba\u011flant\u0131 \u00e7aplar\u0131<\/li><li>EN normuna g\u00f6re PN63...PN630 aras\u0131 veya ANSI normuna g\u00f6re ANSI600...ANSI4500 aras\u0131 bas\u0131n\u00e7 s\u0131n\u0131flar\u0131<\/li><li>Flan\u015fl\u0131 veya kaynakl\u0131 proses ba\u011flant\u0131lar\u0131<\/li><li>FCI 70-2 (IEC 60534-4)'e g\u00f6re Class IV, V veya VI s\u0131zd\u0131rmazl\u0131k s\u0131n\u0131flar\u0131<\/li><li>-30...+550 \u00b0C aras\u0131 proses s\u0131cakl\u0131\u011f\u0131<\/li><li>Pn\u00f6matik, elektrikli veya hidrolik aktuat\u00f6r<\/li><li>Analog veya dijital pozisyoner se\u00e7enekleri<\/li><li>\u0130ste\u011fe ba\u011fl\u0131 olarak acil durum el kumandas\u0131<\/li><li>ISO 9001:2015 Kalite G\u00fcvence Sistemi alt\u0131nda \u00fcretim<\/li><li>EN 10204'e g\u00f6re malzeme ve hidrolik testleri i\u00e7in 3.1 veya 3.2 belgesi<\/li><li>EN 12266-1 ve AP598 standartlar\u0131na g\u00f6re hidrolik testler<\/li><\/ul>\t\t\t\t\t\t\t\t<\/div>\n\t\t\t\t<\/div>\n\t\t\t\t\t<\/div>\n\t\t<\/div>\n\t\t\t\t<div class=\"elementor-column elementor-col-50 elementor-top-column elementor-element elementor-element-09133f9\" data-id=\"09133f9\" data-element_type=\"column\" data-e-type=\"column\">\n\t\t\t<div class=\"elementor-widget-wrap elementor-element-populated\">\n\t\t\t\t\t\t<div class=\"elementor-element elementor-element-0f50023 elementor-widget elementor-widget-heading\" data-id=\"0f50023\" data-element_type=\"widget\" data-e-type=\"widget\" data-widget_type=\"heading.default\">\n\t\t\t\t<div class=\"elementor-widget-container\">\n\t\t\t\t\t<h2 class=\"elementor-heading-title elementor-size-default\">\u00dcR\u00dcNLER<\/h2>\t\t\t\t<\/div>\n\t\t\t\t<\/div>\n\t\t\t\t<section class=\"elementor-section elementor-inner-section elementor-element elementor-element-9fc1216 elementor-section-boxed elementor-section-height-default elementor-section-height-default\" data-id=\"9fc1216\" data-element_type=\"section\" data-e-type=\"section\" data-settings=\"{&quot;background_background&quot;:&quot;classic&quot;}\">\n\t\t\t\t\t\t<div class=\"elementor-container elementor-column-gap-default\">\n\t\t\t\t\t<div class=\"elementor-column elementor-col-100 elementor-inner-column elementor-element elementor-element-96273b3\" data-id=\"96273b3\" data-element_type=\"column\" data-e-type=\"column\">\n\t\t\t<div class=\"elementor-widget-wrap elementor-element-populated\">\n\t\t\t\t\t\t<div class=\"elementor-element elementor-element-2b727e4 elementor-widget elementor-widget-wp-widget-nav_menu\" data-id=\"2b727e4\" data-element_type=\"widget\" data-e-type=\"widget\" data-widget_type=\"wp-widget-nav_menu.default\">\n\t\t\t\t<div class=\"elementor-widget-container\">\n\t\t\t\t\t<div class=\"menu-products-container\"><ul id=\"menu-products\" class=\"menu\"><li id=\"menu-item-1593\" class=\"menu-item menu-item-type-post_type menu-item-object-page menu-item-1593\"><a href=\"http:\/\/egecontrols.com.tr\/tr\/ecoflo-gv-high-pressure-control-valves\/\">ecoflo-GV Y\u00fcksek Bas\u0131n\u00e7 Kontrol Vanas\u0131<\/a><\/li>\n<li id=\"menu-item-1592\" class=\"menu-item menu-item-type-post_type menu-item-object-page menu-item-1592\"><a href=\"http:\/\/egecontrols.com.tr\/tr\/ecoflo-gv-pneumatic-control-valves\/\">ecoflo-GV Pn\u00f6matik Kontrol Vanas\u0131<\/a><\/li>\n<li id=\"menu-item-1591\" class=\"menu-item menu-item-type-post_type menu-item-object-page menu-item-1591\"><a href=\"http:\/\/egecontrols.com.tr\/tr\/ecoflo-gv-electric-control-valves\/\">ecoflo-GV Elektrikli Kontrol Vanas\u0131<\/a><\/li>\n<li id=\"menu-item-1590\" class=\"menu-item menu-item-type-post_type menu-item-object-page menu-item-1590\"><a href=\"http:\/\/egecontrols.com.tr\/tr\/ecoflo-bv-pneumatic-and-electric-ball-valves\/\">ecoflo-BV Pn\u00f6matik ve Motorlu K\u00fcresel Vana<\/a><\/li>\n<li id=\"menu-item-1589\" class=\"menu-item menu-item-type-post_type menu-item-object-page menu-item-1589\"><a href=\"http:\/\/egecontrols.com.tr\/tr\/ecoflo-vbv-v-ball-control-valves\/\">ecoflo-VBV V-Yar\u0131kl\u0131 Kontrol Vanalar\u0131<\/a><\/li>\n<li id=\"menu-item-1588\" class=\"menu-item menu-item-type-post_type menu-item-object-page menu-item-1588\"><a href=\"http:\/\/egecontrols.com.tr\/tr\/ecoflo-bt-pneumatic-and-electric-butterfly-valves\/\">ecoflo-BT Pn\u00f6matik ve Motorlu Kelebek Vana<\/a><\/li>\n<li id=\"menu-item-1587\" class=\"menu-item menu-item-type-post_type menu-item-object-page menu-item-1587\"><a href=\"http:\/\/egecontrols.com.tr\/tr\/ecoflo-as-pneumatic-and-electric-valves\/\">ecoflo-AS Y Tipi Vana<\/a><\/li>\n<\/ul><\/div>\t\t\t\t<\/div>\n\t\t\t\t<\/div>\n\t\t\t\t\t<\/div>\n\t\t<\/div>\n\t\t\t\t\t<\/div>\n\t\t<\/section>\n\t\t\t\t\t<\/div>\n\t\t<\/div>\n\t\t\t\t\t<\/div>\n\t\t<\/section>\n\t\t\t\t<\/div>","protected":false},"excerpt":{"rendered":"<p>ecoflo-GV High Pressure Control Valves\u00a0PN63&#8230;PN630 (ANSI 600&#8230;.ANSI 4500) \u00d6nceki Sonraki ecoflo-GV series high pressure control valves are designed for control of liquids, gases and steam from size DN15 (1\/2\u201d) up to DN300 (12\u201d). Globe valves are a traditional solution for most of the industrial applications thanks to its long-term seat tightness, robust construction, and a<br \/><a class=\"moretag\" href=\"http:\/\/egecontrols.com.tr\/tr\/ecoflo-gv-high-pressure-control-valves\/\">+ Read More<\/a><\/p>","protected":false},"author":1,"featured_media":0,"parent":0,"menu_order":0,"comment_status":"closed","ping_status":"closed","template":"templates\/page-builder.php","meta":{"footnotes":""},"class_list":["post-1535","page","type-page","status-publish","hentry"],"_links":{"self":[{"href":"http:\/\/egecontrols.com.tr\/tr\/wp-json\/wp\/v2\/pages\/1535","targetHints":{"allow":["GET"]}}],"collection":[{"href":"http:\/\/egecontrols.com.tr\/tr\/wp-json\/wp\/v2\/pages"}],"about":[{"href":"http:\/\/egecontrols.com.tr\/tr\/wp-json\/wp\/v2\/types\/page"}],"author":[{"embeddable":true,"href":"http:\/\/egecontrols.com.tr\/tr\/wp-json\/wp\/v2\/users\/1"}],"replies":[{"embeddable":true,"href":"http:\/\/egecontrols.com.tr\/tr\/wp-json\/wp\/v2\/comments?post=1535"}],"version-history":[{"count":57,"href":"http:\/\/egecontrols.com.tr\/tr\/wp-json\/wp\/v2\/pages\/1535\/revisions"}],"predecessor-version":[{"id":2545,"href":"http:\/\/egecontrols.com.tr\/tr\/wp-json\/wp\/v2\/pages\/1535\/revisions\/2545"}],"wp:attachment":[{"href":"http:\/\/egecontrols.com.tr\/tr\/wp-json\/wp\/v2\/media?parent=1535"}],"curies":[{"name":"wp","href":"https:\/\/api.w.org\/{rel}","templated":true}]}}