{"id":1577,"date":"2021-11-06T20:35:04","date_gmt":"2021-11-06T20:35:04","guid":{"rendered":"http:\/\/egecontrols.com.tr\/?page_id=1577"},"modified":"2022-01-23T21:20:24","modified_gmt":"2022-01-23T21:20:24","slug":"ecoflo-bt-pneumatic-and-electric-butterfly-valves","status":"publish","type":"page","link":"http:\/\/egecontrols.com.tr\/tr\/ecoflo-bt-pneumatic-and-electric-butterfly-valves\/","title":{"rendered":"ecoflo-BT Pn\u00f6matik ve Motorlu Kelebek Vana"},"content":{"rendered":"<div data-elementor-type=\"wp-page\" data-elementor-id=\"1577\" class=\"elementor elementor-1577\">\n\t\t\t\t\t\t<section class=\"elementor-section elementor-top-section elementor-element elementor-element-16962ed1 animated-slow elementor-section-boxed elementor-section-height-default elementor-section-height-default elementor-invisible\" data-id=\"16962ed1\" data-element_type=\"section\" data-e-type=\"section\" data-settings=\"{&quot;animation&quot;:&quot;fadeInUp&quot;}\">\n\t\t\t\t\t\t<div class=\"elementor-container elementor-column-gap-default\">\n\t\t\t\t\t<div class=\"elementor-column elementor-col-50 elementor-top-column elementor-element elementor-element-4d554b9\" data-id=\"4d554b9\" data-element_type=\"column\" data-e-type=\"column\">\n\t\t\t<div class=\"elementor-widget-wrap elementor-element-populated\">\n\t\t\t\t\t\t<div class=\"elementor-element elementor-element-1c6a473 elementor-widget elementor-widget-heading\" data-id=\"1c6a473\" data-element_type=\"widget\" data-e-type=\"widget\" data-widget_type=\"heading.default\">\n\t\t\t\t<div class=\"elementor-widget-container\">\n\t\t\t\t\t<h2 class=\"elementor-heading-title elementor-size-default\">ecoflo-BT<\/h2>\t\t\t\t<\/div>\n\t\t\t\t<\/div>\n\t\t\t\t<div class=\"elementor-element elementor-element-30a3edd elementor-widget elementor-widget-text-editor\" data-id=\"30a3edd\" data-element_type=\"widget\" data-e-type=\"widget\" data-widget_type=\"text-editor.default\">\n\t\t\t\t<div class=\"elementor-widget-container\">\n\t\t\t\t\t\t\t\t\t<p>Pn\u00f6matik ve Motorlu Kelebek Vana<\/p><p>PN6\u2026PN40 \/ ANSI 150\u2026ANSI 300<\/p>\t\t\t\t\t\t\t\t<\/div>\n\t\t\t\t<\/div>\n\t\t\t\t<div class=\"elementor-element elementor-element-d8d2d3e elementor-arrows-position-inside elementor-widget elementor-widget-image-carousel\" data-id=\"d8d2d3e\" data-element_type=\"widget\" data-e-type=\"widget\" data-settings=\"{&quot;slides_to_show&quot;:&quot;1&quot;,&quot;navigation&quot;:&quot;arrows&quot;,&quot;autoplay_speed&quot;:4000,&quot;autoplay&quot;:&quot;yes&quot;,&quot;pause_on_hover&quot;:&quot;yes&quot;,&quot;pause_on_interaction&quot;:&quot;yes&quot;,&quot;infinite&quot;:&quot;yes&quot;,&quot;effect&quot;:&quot;slide&quot;,&quot;speed&quot;:500}\" data-widget_type=\"image-carousel.default\">\n\t\t\t\t<div class=\"elementor-widget-container\">\n\t\t\t\t\t\t\t<div class=\"elementor-image-carousel-wrapper swiper\" role=\"region\" aria-roledescription=\"carousel\" aria-label=\"Resim D\u00f6ng\u00fcs\u00fc\" dir=\"ltr\">\n\t\t\t<div class=\"elementor-image-carousel swiper-wrapper\" aria-live=\"off\">\n\t\t\t\t\t\t\t\t<div class=\"swiper-slide\" role=\"group\" aria-roledescription=\"slide\" aria-label=\"1 \/ 2\"><figure class=\"swiper-slide-inner\"><img decoding=\"async\" class=\"swiper-slide-image\" src=\"https:\/\/egecontrols.com.tr\/wp-content\/uploads\/2022\/01\/ecoflo-BT-Butterfly-valve-01.jpg\" alt=\"ecoflo-BT Butterfly valve-01\" \/><\/figure><\/div><div class=\"swiper-slide\" role=\"group\" aria-roledescription=\"slide\" aria-label=\"2 \/ 2\"><figure class=\"swiper-slide-inner\"><img decoding=\"async\" class=\"swiper-slide-image\" src=\"https:\/\/egecontrols.com.tr\/wp-content\/uploads\/2022\/01\/ecoflo-BT-Butterfly-valve-1-01.jpg\" alt=\"ecoflo-BT Butterfly valve-1-01\" \/><\/figure><\/div>\t\t\t<\/div>\n\t\t\t\t\t\t\t\t\t\t\t\t<div class=\"elementor-swiper-button elementor-swiper-button-prev\" role=\"button\" tabindex=\"0\">\n\t\t\t\t\t\t<i aria-hidden=\"true\" class=\"eicon-chevron-left\"><\/i>\t\t\t\t\t<\/div>\n\t\t\t\t\t<div class=\"elementor-swiper-button elementor-swiper-button-next\" role=\"button\" tabindex=\"0\">\n\t\t\t\t\t\t<i aria-hidden=\"true\" class=\"eicon-chevron-right\"><\/i>\t\t\t\t\t<\/div>\n\t\t\t\t\n\t\t\t\t\t\t\t\t\t<\/div>\n\t\t\t\t\t\t<\/div>\n\t\t\t\t<\/div>\n\t\t\t\t<div class=\"elementor-element elementor-element-3677784 elementor-widget elementor-widget-text-editor\" data-id=\"3677784\" data-element_type=\"widget\" data-e-type=\"widget\" data-widget_type=\"text-editor.default\">\n\t\t\t\t<div class=\"elementor-widget-container\">\n\t\t\t\t\t\t\t\t\t<p class=\"translation-block\">ecoflo-BT serisi pn\u00f6matik ve motorlu kelebek vanalar, DN50 (2\u201d) ile DN2000 (80\u201d) aras\u0131 \u00e7aplarda s\u0131v\u0131lar ve gazlar\u0131n ak\u0131\u015f kontrol\u00fc i\u00e7in tasarlanm\u0131\u015ft\u0131r.<\/p><p>Kelebek vanalar, kompakt tasar\u0131mlar\u0131n\u0131n yan\u0131 s\u0131ra hafif olu\u015flar\u0131 ve \u00f6zellikle b\u00fcy\u00fck \u00e7aplarda sa\u011flad\u0131klar\u0131 ekonomi ile bir \u00e7ok sanayi ve tesisat uygulamas\u0131nda kullan\u0131m sahas\u0131 bulmaktad\u0131r.<\/p><p>Daha \u00e7ok a\u00e7\u0131k-kapal\u0131 (on-off) uygulamalarda kullan\u0131lan kelebek vanalar, y\u00fcksek kontrol hassasiyeti gerektirmeyen oransal uygulamalarda da tercih edilmektedir.<\/p><p>En tipik kullan\u0131m sahalar\u0131 aras\u0131nda s\u0131cakl\u0131k, debi, bas\u0131n\u00e7 ve seviye kontrol\u00fc yer almakta, bunlara ilaveten end\u00fcstriyel otomasyonunun oldu\u011fu her noktada farkl\u0131 uygulama alanlar\u0131 da Bulabilmektedir.<\/p><p>ISO 9001:2008 Kalite G\u00fcvence Sistemi alt\u0131nda T\u00fcrkiye\u2019de\n\u00fcretilen ecoflo-BT serisi pn\u00f6matik ve motorlu kelebek vanalar, kimya, petrokimya, enerji, metalurji, ka\u011f\u0131t, g\u0131da, ila\u00e7 ve su ar\u0131tma gibi proses-yo\u011fun end\u00fcstrilerin yan\u0131s\u0131ra tekstil, g\u0131da, ambalaj gibi sekt\u00f6rlerin makina otomasyonu i\u00e7in y\u00fcksek imalat kalitesi ve sat\u0131\u015f \u00f6ncesi ve sonras\u0131 \u00fcretici firma deste\u011fi ile sunulmaktad\u0131r.<\/p>\t\t\t\t\t\t\t\t<\/div>\n\t\t\t\t<\/div>\n\t\t\t\t<div class=\"elementor-element elementor-element-bcb43a0 elementor-align-left elementor-widget elementor-widget-button\" data-id=\"bcb43a0\" data-element_type=\"widget\" data-e-type=\"widget\" data-widget_type=\"button.default\">\n\t\t\t\t<div class=\"elementor-widget-container\">\n\t\t\t\t\t\t\t\t\t<div class=\"elementor-button-wrapper\">\n\t\t\t\t\t<a class=\"elementor-button elementor-button-link elementor-size-sm\" href=\"http:\/\/egecontrols.com.tr\/wp-content\/uploads\/2022\/01\/ecoflobt_kelebek_vanalar_tr.pdf\" target=\"_blank\">\n\t\t\t\t\t\t<span class=\"elementor-button-content-wrapper\">\n\t\t\t\t\t\t<span class=\"elementor-button-icon\">\n\t\t\t\t<i aria-hidden=\"true\" class=\"fas fa-file-pdf\"><\/i>\t\t\t<\/span>\n\t\t\t\t\t\t\t\t\t<span class=\"elementor-button-text\">\u00dcr\u00fcn katalo\u011fumuzu indirebilirsiniz<\/span>\n\t\t\t\t\t<\/span>\n\t\t\t\t\t<\/a>\n\t\t\t\t<\/div>\n\t\t\t\t\t\t\t\t<\/div>\n\t\t\t\t<\/div>\n\t\t\t\t<div class=\"elementor-element elementor-element-7b1cdb1 elementor-widget elementor-widget-heading\" data-id=\"7b1cdb1\" data-element_type=\"widget\" data-e-type=\"widget\" data-widget_type=\"heading.default\">\n\t\t\t\t<div class=\"elementor-widget-container\">\n\t\t\t\t\t<h2 class=\"elementor-heading-title elementor-size-default\">\u00d6ZELL\u0130KLER<\/h2>\t\t\t\t<\/div>\n\t\t\t\t<\/div>\n\t\t\t\t<div class=\"elementor-element elementor-element-6520c4d elementor-widget elementor-widget-text-editor\" data-id=\"6520c4d\" data-element_type=\"widget\" data-e-type=\"widget\" data-widget_type=\"text-editor.default\">\n\t\t\t\t<div class=\"elementor-widget-container\">\n\t\t\t\t\t\t\t\t\t<ul><li>Kompakt tasar\u0131m<\/li><li>B\u00fcy\u00fck \u00e7aplarda muadil vana tiplerine g\u00f6re d\u00fc\u015f\u00fck maliyet<\/li><li>Elastomer, polimer ve metal conta \u00e7e\u015fitleri<\/li><li>EN bas\u0131n\u00e7 s\u0131n\u0131flar\u0131na g\u00f6re PN6 ile PN40 veya ANSI bas\u0131n\u00e7 s\u0131n\u0131flar\u0131na g\u00f6re ANSI150\n  veya ANSI300 bas\u0131n\u00e7 s\u0131n\u0131flar\u0131 i\u00e7in farkl\u0131 modeller mevcuttur.<\/li><li>Wafer tip, lug tip, flan\u015fl\u0131 veya kaynakl\u0131 ba\u011flant\u0131lar<\/li><li>Class IV veya Class VI s\u0131zd\u0131rmazl\u0131k s\u0131n\u0131flar\u0131<\/li><li>Uluslararas\u0131 normlara g\u00f6re malzeme ve s\u0131zd\u0131rmazl\u0131k testleri<\/li><li>-30...+220 \u00b0C aras\u0131 proses s\u0131cakl\u0131\u011f\u0131. Daha d\u00fc\u015f\u00fck veya y\u00fcksek s\u0131cakl\u0131klar i\u00e7in farkl\u0131 modeller mevcuttur.<\/li><li>Pn\u00f6matik veya elektrikli aktuat\u00f6rler<\/li><li>Elektrikli akt\u00fcat\u00f6rler i\u00e7in standart ve pn\u00f6matik akt\u00fcat\u00f6rler i\u00e7in iste\u011fe ba\u011fl\u0131 manuel ge\u00e7ersiz k\u0131lma<\/li><li>Oransal kontrol i\u00e7in analog veya dijital pozisyoner se\u00e7imi<\/li><li>IIP66'dan IP68'e kadar koruma s\u0131n\u0131flar\u0131, patlay\u0131c\u0131 sahalar i\u00e7in ex-proof modeller<\/li><li>D\u0131\u015f ortam s\u0131cakl\u0131\u011f\u0131: -30...+60 \u00b0C (malzeme se\u00e7eneklerine ba\u011fl\u0131 olarak)<\/li><li>Konum svi\u00e7leri, hava filtre reg\u00fclat\u00f6rleri, y\u00f6n valfleri (solenoid vanalar), hava kilitleme  \n  (lock-up) valfleri, hava kuvvetlendirici (booster) ve iste\u011fe ba\u011fl\u0131 di\u011fer aksesuarlar<\/li><\/ul>\t\t\t\t\t\t\t\t<\/div>\n\t\t\t\t<\/div>\n\t\t\t\t\t<\/div>\n\t\t<\/div>\n\t\t\t\t<div class=\"elementor-column elementor-col-50 elementor-top-column elementor-element elementor-element-09133f9\" data-id=\"09133f9\" data-element_type=\"column\" data-e-type=\"column\">\n\t\t\t<div class=\"elementor-widget-wrap elementor-element-populated\">\n\t\t\t\t\t\t<div class=\"elementor-element elementor-element-0f50023 elementor-widget elementor-widget-heading\" data-id=\"0f50023\" data-element_type=\"widget\" data-e-type=\"widget\" data-widget_type=\"heading.default\">\n\t\t\t\t<div class=\"elementor-widget-container\">\n\t\t\t\t\t<h2 class=\"elementor-heading-title elementor-size-default\">\u00dcR\u00dcNLER<\/h2>\t\t\t\t<\/div>\n\t\t\t\t<\/div>\n\t\t\t\t<section class=\"elementor-section elementor-inner-section elementor-element elementor-element-7ffd8d6 elementor-section-boxed elementor-section-height-default elementor-section-height-default\" data-id=\"7ffd8d6\" data-element_type=\"section\" data-e-type=\"section\" data-settings=\"{&quot;background_background&quot;:&quot;classic&quot;}\">\n\t\t\t\t\t\t<div class=\"elementor-container elementor-column-gap-default\">\n\t\t\t\t\t<div class=\"elementor-column elementor-col-100 elementor-inner-column elementor-element elementor-element-34cac76\" data-id=\"34cac76\" data-element_type=\"column\" data-e-type=\"column\">\n\t\t\t<div class=\"elementor-widget-wrap elementor-element-populated\">\n\t\t\t\t\t\t<div class=\"elementor-element elementor-element-bca012c elementor-widget elementor-widget-wp-widget-nav_menu\" data-id=\"bca012c\" data-element_type=\"widget\" data-e-type=\"widget\" data-widget_type=\"wp-widget-nav_menu.default\">\n\t\t\t\t<div class=\"elementor-widget-container\">\n\t\t\t\t\t<div class=\"menu-products-container\"><ul id=\"menu-products\" class=\"menu\"><li id=\"menu-item-1593\" class=\"menu-item menu-item-type-post_type menu-item-object-page menu-item-1593\"><a href=\"http:\/\/egecontrols.com.tr\/tr\/ecoflo-gv-high-pressure-control-valves\/\">ecoflo-GV Y\u00fcksek Bas\u0131n\u00e7 Kontrol Vanas\u0131<\/a><\/li>\n<li id=\"menu-item-1592\" class=\"menu-item menu-item-type-post_type menu-item-object-page menu-item-1592\"><a href=\"http:\/\/egecontrols.com.tr\/tr\/ecoflo-gv-pneumatic-control-valves\/\">ecoflo-GV Pn\u00f6matik Kontrol Vanas\u0131<\/a><\/li>\n<li id=\"menu-item-1591\" class=\"menu-item menu-item-type-post_type menu-item-object-page menu-item-1591\"><a href=\"http:\/\/egecontrols.com.tr\/tr\/ecoflo-gv-electric-control-valves\/\">ecoflo-GV Elektrikli Kontrol Vanas\u0131<\/a><\/li>\n<li id=\"menu-item-1590\" class=\"menu-item menu-item-type-post_type menu-item-object-page menu-item-1590\"><a href=\"http:\/\/egecontrols.com.tr\/tr\/ecoflo-bv-pneumatic-and-electric-ball-valves\/\">ecoflo-BV Pn\u00f6matik ve Motorlu K\u00fcresel Vana<\/a><\/li>\n<li id=\"menu-item-1589\" class=\"menu-item menu-item-type-post_type menu-item-object-page menu-item-1589\"><a href=\"http:\/\/egecontrols.com.tr\/tr\/ecoflo-vbv-v-ball-control-valves\/\">ecoflo-VBV V-Yar\u0131kl\u0131 Kontrol Vanalar\u0131<\/a><\/li>\n<li id=\"menu-item-1588\" class=\"menu-item menu-item-type-post_type menu-item-object-page menu-item-1588\"><a href=\"http:\/\/egecontrols.com.tr\/tr\/ecoflo-bt-pneumatic-and-electric-butterfly-valves\/\">ecoflo-BT Pn\u00f6matik ve Motorlu Kelebek Vana<\/a><\/li>\n<li id=\"menu-item-1587\" class=\"menu-item menu-item-type-post_type menu-item-object-page menu-item-1587\"><a href=\"http:\/\/egecontrols.com.tr\/tr\/ecoflo-as-pneumatic-and-electric-valves\/\">ecoflo-AS Y Tipi Vana<\/a><\/li>\n<\/ul><\/div>\t\t\t\t<\/div>\n\t\t\t\t<\/div>\n\t\t\t\t\t<\/div>\n\t\t<\/div>\n\t\t\t\t\t<\/div>\n\t\t<\/section>\n\t\t\t\t\t<\/div>\n\t\t<\/div>\n\t\t\t\t\t<\/div>\n\t\t<\/section>\n\t\t\t\t<\/div>","protected":false},"excerpt":{"rendered":"<p>ecoflo-BT Pneumatic and Electric Butterfly Valves PN6\u2026PN40 \/ ANSI 150\u2026ANSI 300 \u00d6nceki Sonraki ecoflo-BT series pneumatic and electric butterfly valves are designed for the control of liquids and gases from size DN 50 (2\u201d) up to DN 2000 (80\u201d). Butterfly valves find their major applications in most of the process industries as well as in<br \/><a class=\"moretag\" href=\"http:\/\/egecontrols.com.tr\/tr\/ecoflo-bt-pneumatic-and-electric-butterfly-valves\/\">+ Read More<\/a><\/p>","protected":false},"author":1,"featured_media":0,"parent":0,"menu_order":0,"comment_status":"closed","ping_status":"closed","template":"templates\/page-builder.php","meta":{"footnotes":""},"class_list":["post-1577","page","type-page","status-publish","hentry"],"_links":{"self":[{"href":"http:\/\/egecontrols.com.tr\/tr\/wp-json\/wp\/v2\/pages\/1577","targetHints":{"allow":["GET"]}}],"collection":[{"href":"http:\/\/egecontrols.com.tr\/tr\/wp-json\/wp\/v2\/pages"}],"about":[{"href":"http:\/\/egecontrols.com.tr\/tr\/wp-json\/wp\/v2\/types\/page"}],"author":[{"embeddable":true,"href":"http:\/\/egecontrols.com.tr\/tr\/wp-json\/wp\/v2\/users\/1"}],"replies":[{"embeddable":true,"href":"http:\/\/egecontrols.com.tr\/tr\/wp-json\/wp\/v2\/comments?post=1577"}],"version-history":[{"count":35,"href":"http:\/\/egecontrols.com.tr\/tr\/wp-json\/wp\/v2\/pages\/1577\/revisions"}],"predecessor-version":[{"id":2549,"href":"http:\/\/egecontrols.com.tr\/tr\/wp-json\/wp\/v2\/pages\/1577\/revisions\/2549"}],"wp:attachment":[{"href":"http:\/\/egecontrols.com.tr\/tr\/wp-json\/wp\/v2\/media?parent=1577"}],"curies":[{"name":"wp","href":"https:\/\/api.w.org\/{rel}","templated":true}]}}