{"id":1661,"date":"2021-11-06T21:30:25","date_gmt":"2021-11-06T21:30:25","guid":{"rendered":"http:\/\/egecontrols.com.tr\/?page_id=1661"},"modified":"2022-01-25T18:31:38","modified_gmt":"2022-01-25T18:31:38","slug":"history","status":"publish","type":"page","link":"http:\/\/egecontrols.com.tr\/tr\/history\/","title":{"rendered":"Tarih\u00e7e"},"content":{"rendered":"<div data-elementor-type=\"wp-page\" data-elementor-id=\"1661\" class=\"elementor elementor-1661\">\n\t\t\t\t\t\t<section class=\"elementor-section elementor-top-section elementor-element elementor-element-16962ed1 animated-slow elementor-section-boxed elementor-section-height-default elementor-section-height-default elementor-invisible\" data-id=\"16962ed1\" data-element_type=\"section\" data-e-type=\"section\" data-settings=\"{&quot;animation&quot;:&quot;fadeInUp&quot;}\">\n\t\t\t\t\t\t<div class=\"elementor-container elementor-column-gap-default\">\n\t\t\t\t\t<div class=\"elementor-column elementor-col-100 elementor-top-column elementor-element elementor-element-bdb0851\" data-id=\"bdb0851\" data-element_type=\"column\" data-e-type=\"column\">\n\t\t\t<div class=\"elementor-widget-wrap elementor-element-populated\">\n\t\t\t\t\t\t<div class=\"elementor-element elementor-element-5a75a82 elementor-widget elementor-widget-heading\" data-id=\"5a75a82\" data-element_type=\"widget\" data-e-type=\"widget\" data-widget_type=\"heading.default\">\n\t\t\t\t<div class=\"elementor-widget-container\">\n\t\t\t\t\t<h2 class=\"elementor-heading-title elementor-size-default\">TAR\u0130H\u00c7E<\/h2>\t\t\t\t<\/div>\n\t\t\t\t<\/div>\n\t\t\t\t<div class=\"elementor-element elementor-element-3b4c631c center-content elementor-widget__width-inherit elementor-widget-mobile__width-inherit elementor-widget elementor-widget-text-editor\" data-id=\"3b4c631c\" data-element_type=\"widget\" data-e-type=\"widget\" data-widget_type=\"text-editor.default\">\n\t\t\t\t<div class=\"elementor-widget-container\">\n\t\t\t\t\t\t\t\t\t<ul><li style=\"text-align: left;\">1999 EGE End\u00fcstriyel Kontrol A.\u015e.'nin kurulu\u015fu (EGE End\u00fcstriyel Kontroller A.\u015e.) end\u00fcstriyel proses kontrol pazar\u0131 i\u00e7in g\u00fcvenilir kontrol vanalar\u0131 geli\u015ftirme hedefi ile kurulmu\u015ftur.<\/li><li style=\"text-align: left;\">1999 AS serisi k\u00f6\u015feli valflerin tasar\u0131m\u0131 ve \u00fcretimi.<\/li><li style=\"text-align: left;\">2002 GV serisi glob kontrol vanalar\u0131n\u0131n tasar\u0131m\u0131 ve \u00fcretimi.<\/li><li style=\"text-align: left;\">2004 ENOSAD (T\u00fcrkiye End\u00fcstriyel Otomasyon Derne\u011fi) Kurucu \u00dcyesi.<\/li><li style=\"text-align: left;\">2005 DPA serisi pn\u00f6matik diyafram akt\u00fcat\u00f6rlerinin tasar\u0131m\u0131 ve \u00fcretimi.<\/li><li style=\"text-align: left;\">2006 ISO 9001-2008 QAS sertifikas\u0131.<\/li><li style=\"text-align: left;\">2009 Bas\u0131n\u00e7l\u0131 Ekipman Direktifi 97\/23 sertifikas\u0131.<\/li><li style=\"text-align: left;\">2016 EGE valf boyutland\u0131rma yaz\u0131l\u0131m\u0131n\u0131n ANSI\/ISA-75.01.01'e g\u00f6re geli\u015ftirilmesi.<\/li><li style=\"text-align: left;\">2017 Valf boyutland\u0131rma yaz\u0131l\u0131m\u0131 taraf\u0131ndan hesaplanan valf Cv de\u011ferlerinin do\u011frulanmas\u0131 i\u00e7in bir ak\u0131\u015f te\u00e7hizat\u0131n\u0131n geli\u015ftirilmesi.<\/li><li style=\"text-align: left;\">2017 Bas\u0131n\u00e7l\u0131 Ekipman Direktifi 2014\/68\/EU sertifikas\u0131.<\/li><li style=\"text-align: left;\">2018 ISO 9001-2015 QAS sertifikas\u0131.<\/li><li style=\"text-align: left;\">2019 PA serisi pn\u00f6matik pistonlu akt\u00fcat\u00f6rlerin tasar\u0131m\u0131 ve \u00fcretimi.<\/li><li style=\"text-align: left;\">2020 \u0130stanbul lokasyonundan \u0130zmir Serbest Ticaret B\u00f6lgesi'ndeki 3150 m2'lik yeni \u00fcretim tesisine ta\u015f\u0131nma.<\/li><\/ul>\t\t\t\t\t\t\t\t<\/div>\n\t\t\t\t<\/div>\n\t\t\t\t\t<\/div>\n\t\t<\/div>\n\t\t\t\t\t<\/div>\n\t\t<\/section>\n\t\t\t\t<\/div>","protected":false},"excerpt":{"rendered":"<p>HISTORY 1999 Foundation of EGE End\u00fcstriyel Kontrol A.\u015e. (EGE Industrial Controls Co., Inc.) with the target of developing reliable control valves for industrial process control market. 1999 Design and production of AS series angle-seat valves. 2002 Design and production of GV series globe control valves. 2004 Founding Member of ENOSAD (Industrial Automation Association of Turkey).<br \/><a class=\"moretag\" href=\"http:\/\/egecontrols.com.tr\/tr\/history\/\">+ Read More<\/a><\/p>","protected":false},"author":1,"featured_media":0,"parent":0,"menu_order":0,"comment_status":"closed","ping_status":"closed","template":"templates\/page-builder.php","meta":{"footnotes":""},"class_list":["post-1661","page","type-page","status-publish","hentry"],"_links":{"self":[{"href":"http:\/\/egecontrols.com.tr\/tr\/wp-json\/wp\/v2\/pages\/1661","targetHints":{"allow":["GET"]}}],"collection":[{"href":"http:\/\/egecontrols.com.tr\/tr\/wp-json\/wp\/v2\/pages"}],"about":[{"href":"http:\/\/egecontrols.com.tr\/tr\/wp-json\/wp\/v2\/types\/page"}],"author":[{"embeddable":true,"href":"http:\/\/egecontrols.com.tr\/tr\/wp-json\/wp\/v2\/users\/1"}],"replies":[{"embeddable":true,"href":"http:\/\/egecontrols.com.tr\/tr\/wp-json\/wp\/v2\/comments?post=1661"}],"version-history":[{"count":22,"href":"http:\/\/egecontrols.com.tr\/tr\/wp-json\/wp\/v2\/pages\/1661\/revisions"}],"predecessor-version":[{"id":2426,"href":"http:\/\/egecontrols.com.tr\/tr\/wp-json\/wp\/v2\/pages\/1661\/revisions\/2426"}],"wp:attachment":[{"href":"http:\/\/egecontrols.com.tr\/tr\/wp-json\/wp\/v2\/media?parent=1661"}],"curies":[{"name":"wp","href":"https:\/\/api.w.org\/{rel}","templated":true}]}}