{"id":2089,"date":"2022-01-20T06:54:21","date_gmt":"2022-01-20T06:54:21","guid":{"rendered":"http:\/\/egecontrols.com.tr\/?page_id=2089"},"modified":"2022-01-30T10:17:42","modified_gmt":"2022-01-30T10:17:42","slug":"product-catalogs","status":"publish","type":"page","link":"http:\/\/egecontrols.com.tr\/tr\/product-catalogs\/","title":{"rendered":"\u00dcr\u00fcn Kataloglar\u0131"},"content":{"rendered":"<div data-elementor-type=\"wp-page\" data-elementor-id=\"2089\" class=\"elementor elementor-2089\">\n\t\t\t\t\t\t<section class=\"elementor-section elementor-top-section elementor-element elementor-element-16962ed1 animated-slow elementor-section-boxed elementor-section-height-default elementor-section-height-default elementor-invisible\" data-id=\"16962ed1\" data-element_type=\"section\" data-e-type=\"section\" data-settings=\"{&quot;animation&quot;:&quot;fadeInUp&quot;}\">\n\t\t\t\t\t\t<div class=\"elementor-container elementor-column-gap-default\">\n\t\t\t\t\t<div class=\"elementor-column elementor-col-100 elementor-top-column elementor-element elementor-element-bdb0851\" data-id=\"bdb0851\" data-element_type=\"column\" data-e-type=\"column\">\n\t\t\t<div class=\"elementor-widget-wrap elementor-element-populated\">\n\t\t\t\t\t\t<div class=\"elementor-element elementor-element-5a75a82 elementor-widget elementor-widget-heading\" data-id=\"5a75a82\" data-element_type=\"widget\" data-e-type=\"widget\" data-widget_type=\"heading.default\">\n\t\t\t\t<div class=\"elementor-widget-container\">\n\t\t\t\t\t<h2 class=\"elementor-heading-title elementor-size-default\">\u00dcR\u00dcN KATALOGLARI<\/h2>\t\t\t\t<\/div>\n\t\t\t\t<\/div>\n\t\t\t\t<div class=\"elementor-element elementor-element-639a8de elementor-widget elementor-widget-text-editor\" data-id=\"639a8de\" data-element_type=\"widget\" data-e-type=\"widget\" data-widget_type=\"text-editor.default\">\n\t\t\t\t<div class=\"elementor-widget-container\">\n\t\t\t\t\t\t\t\t\t<h3 class=\"elementor-icon-box-title\"><a href=\"http:\/\/egecontrols.com.tr\/wp-content\/uploads\/2022\/01\/ecoflo_gv_yuksek_basinc_kontrol_vanalari_tr.pdf\" target=\"_blank\" rel=\"noopener\">ecoflo-GV Y\u00fcksek Bas\u0131n\u00e7 Kontrol Vanas\u0131<\/a><br \/><br \/><\/h3><h3 class=\"elementor-icon-box-title\"><a href=\"http:\/\/egecontrols.com.tr\/wp-content\/uploads\/2022\/01\/ecoflogv_pnomatik_glob_vanalar_tr.pdf\" target=\"_blank\" rel=\"noopener\">ecoflo-GV Pn\u00f6matik Kontrol Vanas\u0131<\/a><br \/><br \/><\/h3><h3 class=\"elementor-icon-box-title\"><a href=\"http:\/\/egecontrols.com.tr\/wp-content\/uploads\/2022\/01\/ecoflogv_elektrikli_glob_vanalar_tr.pdf\" target=\"_blank\" rel=\"noopener\">ecoflo-GV Elektrikli Kontrol Vanas\u0131<\/a><br \/><br \/><\/h3><h3 class=\"elementor-icon-box-title\"><a href=\"http:\/\/egecontrols.com.tr\/wp-content\/uploads\/2022\/01\/ecoflobv_kuresel_vanalar_tr.pdf\" target=\"_blank\" rel=\"noopener\">ecoflo-BV Pn\u00f6matik ve Motorlu K\u00fcresel Vana<\/a><br \/><br \/><\/h3><h3 class=\"elementor-icon-box-title\"><a href=\"http:\/\/egecontrols.com.tr\/wp-content\/uploads\/2022\/01\/ecoflovbv_v_yarikli_kuresel_vanalar_tr.pdf\" target=\"_blank\" rel=\"noopener\">ecoflo-VBV V-Yar\u0131kl\u0131 K\u00fcresel Vana<\/a><br \/><br \/><\/h3><h3 class=\"elementor-icon-box-title\"><a href=\"http:\/\/egecontrols.com.tr\/wp-content\/uploads\/2022\/01\/ecoflobt_kelebek_vanalar_tr.pdf\" target=\"_blank\" rel=\"noopener\">ecoflo-BT Pn\u00f6matik ve Motorlu Kelebek Vana<\/a><br \/><br \/><\/h3><h3 class=\"elementor-icon-box-title\"><a href=\"http:\/\/egecontrols.com.tr\/wp-content\/uploads\/2022\/01\/ecofloas_ytipi_vanalar_tr.pdf\" target=\"_blank\" rel=\"noopener\">ecoflo-AS Y Tipi Vana <\/a><\/h3>\t\t\t\t\t\t\t\t<\/div>\n\t\t\t\t<\/div>\n\t\t\t\t\t<\/div>\n\t\t<\/div>\n\t\t\t\t\t<\/div>\n\t\t<\/section>\n\t\t\t\t<\/div>","protected":false},"excerpt":{"rendered":"<p>PRODUCT CATALOGS ecoflo-GV High Pressure Control Valves ecoflo-GV Pneumatic Control Valves ecoflo-GV Electric Control Valves ecoflo-BV Pneumatic and Electric Ball Valves ecoflo-VBV V-BALL Control Valves ecoflo-BT Pneumatic and Electric Butterfly Valves ecoflo-AS Pneumatic and Electric Valves<\/p>","protected":false},"author":1,"featured_media":0,"parent":0,"menu_order":0,"comment_status":"closed","ping_status":"closed","template":"templates\/page-builder.php","meta":{"footnotes":""},"class_list":["post-2089","page","type-page","status-publish","hentry"],"_links":{"self":[{"href":"http:\/\/egecontrols.com.tr\/tr\/wp-json\/wp\/v2\/pages\/2089","targetHints":{"allow":["GET"]}}],"collection":[{"href":"http:\/\/egecontrols.com.tr\/tr\/wp-json\/wp\/v2\/pages"}],"about":[{"href":"http:\/\/egecontrols.com.tr\/tr\/wp-json\/wp\/v2\/types\/page"}],"author":[{"embeddable":true,"href":"http:\/\/egecontrols.com.tr\/tr\/wp-json\/wp\/v2\/users\/1"}],"replies":[{"embeddable":true,"href":"http:\/\/egecontrols.com.tr\/tr\/wp-json\/wp\/v2\/comments?post=2089"}],"version-history":[{"count":10,"href":"http:\/\/egecontrols.com.tr\/tr\/wp-json\/wp\/v2\/pages\/2089\/revisions"}],"predecessor-version":[{"id":2453,"href":"http:\/\/egecontrols.com.tr\/tr\/wp-json\/wp\/v2\/pages\/2089\/revisions\/2453"}],"wp:attachment":[{"href":"http:\/\/egecontrols.com.tr\/tr\/wp-json\/wp\/v2\/media?parent=2089"}],"curies":[{"name":"wp","href":"https:\/\/api.w.org\/{rel}","templated":true}]}}