{"id":1582,"date":"2021-11-06T20:36:44","date_gmt":"2021-11-06T20:36:44","guid":{"rendered":"http:\/\/egecontrols.com.tr\/?page_id=1582"},"modified":"2023-09-01T06:44:27","modified_gmt":"2023-09-01T06:44:27","slug":"ecoflo-as-pneumatic-and-electric-valves","status":"publish","type":"page","link":"https:\/\/egecontrols.com.tr\/tr\/ecoflo-as-pneumatic-and-electric-valves\/","title":{"rendered":"ecoflo-AS Y Tipi Vana"},"content":{"rendered":"<div data-elementor-type=\"wp-page\" data-elementor-id=\"1582\" class=\"elementor elementor-1582\">\n\t\t\t\t\t\t<section class=\"elementor-section elementor-top-section elementor-element elementor-element-16962ed1 animated-slow elementor-section-boxed elementor-section-height-default elementor-section-height-default elementor-invisible\" data-id=\"16962ed1\" data-element_type=\"section\" data-e-type=\"section\" data-settings=\"{&quot;animation&quot;:&quot;fadeInUp&quot;}\">\n\t\t\t\t\t\t<div class=\"elementor-container elementor-column-gap-default\">\n\t\t\t\t\t<div class=\"elementor-column elementor-col-50 elementor-top-column elementor-element elementor-element-4d554b9\" data-id=\"4d554b9\" data-element_type=\"column\" data-e-type=\"column\">\n\t\t\t<div class=\"elementor-widget-wrap elementor-element-populated\">\n\t\t\t\t\t\t<div class=\"elementor-element elementor-element-1c6a473 elementor-widget elementor-widget-heading\" data-id=\"1c6a473\" data-element_type=\"widget\" data-e-type=\"widget\" data-widget_type=\"heading.default\">\n\t\t\t\t<div class=\"elementor-widget-container\">\n\t\t\t\t\t<h2 class=\"elementor-heading-title elementor-size-default\">ecoflo-AS<\/h2>\t\t\t\t<\/div>\n\t\t\t\t<\/div>\n\t\t\t\t<div class=\"elementor-element elementor-element-30a3edd elementor-widget elementor-widget-text-editor\" data-id=\"30a3edd\" data-element_type=\"widget\" data-e-type=\"widget\" data-widget_type=\"text-editor.default\">\n\t\t\t\t<div class=\"elementor-widget-container\">\n\t\t\t\t\t\t\t\t\t<p>Y Tipi Vana<\/p><p>PN16\u2026PN40 \/ ANSI 150\u2026ANSI 250<\/p>\t\t\t\t\t\t\t\t<\/div>\n\t\t\t\t<\/div>\n\t\t\t\t<div class=\"elementor-element elementor-element-d8d2d3e elementor-arrows-position-inside elementor-widget elementor-widget-image-carousel\" data-id=\"d8d2d3e\" data-element_type=\"widget\" data-e-type=\"widget\" data-settings=\"{&quot;slides_to_show&quot;:&quot;1&quot;,&quot;navigation&quot;:&quot;arrows&quot;,&quot;autoplay_speed&quot;:4000,&quot;autoplay&quot;:&quot;yes&quot;,&quot;pause_on_hover&quot;:&quot;yes&quot;,&quot;pause_on_interaction&quot;:&quot;yes&quot;,&quot;infinite&quot;:&quot;yes&quot;,&quot;effect&quot;:&quot;slide&quot;,&quot;speed&quot;:500}\" data-widget_type=\"image-carousel.default\">\n\t\t\t\t<div class=\"elementor-widget-container\">\n\t\t\t\t\t\t\t<div class=\"elementor-image-carousel-wrapper swiper\" role=\"region\" aria-roledescription=\"carousel\" aria-label=\"Resim D\u00f6ng\u00fcs\u00fc\" dir=\"ltr\">\n\t\t\t<div class=\"elementor-image-carousel swiper-wrapper\" aria-live=\"off\">\n\t\t\t\t\t\t\t\t<div class=\"swiper-slide\" role=\"group\" aria-roledescription=\"slide\" aria-label=\"1 \/ 1\" data-no-translation-aria-label=\"\"><figure class=\"swiper-slide-inner\"><img decoding=\"async\" class=\"swiper-slide-image\" src=\"https:\/\/egecontrols.com.tr\/wp-content\/uploads\/2022\/01\/ecoflo-AS-valve-01.jpg\" alt=\"ecoflo-AS valve-01\" \/><\/figure><\/div>\t\t\t<\/div>\n\t\t\t\t\t<\/div>\n\t\t\t\t\t\t<\/div>\n\t\t\t\t<\/div>\n\t\t\t\t<div class=\"elementor-element elementor-element-3677784 elementor-widget elementor-widget-text-editor\" data-id=\"3677784\" data-element_type=\"widget\" data-e-type=\"widget\" data-widget_type=\"text-editor.default\">\n\t\t\t\t<div class=\"elementor-widget-container\">\n\t\t\t\t\t\t\t\t\t<p>ecoflo-AS serisi pn\u00f6matik ve elektrikli vanalar, DN15 (1\/2\") ile DN80 (3\") aras\u0131 8 de\u011fi\u015fik \u00e7apta s\u0131v\u0131lar, gazlar ve buhar i\u00e7in tasarlanm\u0131\u015f on-off  veya oransal kontrol vanalar\u0131d\u0131r.<\/p><p>Standart olarak paslanmaz \u00e7elik veya pirin\u00e7 g\u00f6vdeye sahip vanalar, k\u00fc\u00e7\u00fck boyutlar\u0131 ve \u00e7ok ama\u00e7l\u0131 kullan\u0131mlar\u0131 ile end\u00fcstrinin de\u011fi\u015fik alanlar\u0131nda uygulama sahas\u0131 bulmaktad\u0131r.<\/p><p>ISO 9001:2020 Kalite G\u00fcvence Sistemi ad\u0131 alt\u0131nda T\u00fcrkiye'de \u00fcretilen ecoflo-AS serisi pn\u00f6matik ve elektrikli vanalar, tekstil, g\u0131da ve zay\u0131f kimyasal proses sekt\u00f6rlerinin makine otomasyon uygulamalar\u0131nda kullan\u0131l\u0131r.<\/p>\t\t\t\t\t\t\t\t<\/div>\n\t\t\t\t<\/div>\n\t\t\t\t<div class=\"elementor-element elementor-element-bcb43a0 elementor-align-left elementor-widget elementor-widget-button\" data-id=\"bcb43a0\" data-element_type=\"widget\" data-e-type=\"widget\" data-widget_type=\"button.default\">\n\t\t\t\t<div class=\"elementor-widget-container\">\n\t\t\t\t\t\t\t\t\t<div class=\"elementor-button-wrapper\">\n\t\t\t\t\t<a class=\"elementor-button elementor-button-link elementor-size-sm\" href=\"http:\/\/egecontrols.com.tr\/wp-content\/uploads\/2022\/01\/ecofloas_ytipi_vanalar_tr.pdf\" target=\"_blank\">\n\t\t\t\t\t\t<span class=\"elementor-button-content-wrapper\">\n\t\t\t\t\t\t<span class=\"elementor-button-icon\">\n\t\t\t\t<i aria-hidden=\"true\" class=\"fas fa-file-pdf\"><\/i>\t\t\t<\/span>\n\t\t\t\t\t\t\t\t\t<span class=\"elementor-button-text\">\u00dcr\u00fcn katalo\u011fumuzu indirebilirsiniz<\/span>\n\t\t\t\t\t<\/span>\n\t\t\t\t\t<\/a>\n\t\t\t\t<\/div>\n\t\t\t\t\t\t\t\t<\/div>\n\t\t\t\t<\/div>\n\t\t\t\t<div class=\"elementor-element elementor-element-7b1cdb1 elementor-widget elementor-widget-heading\" data-id=\"7b1cdb1\" data-element_type=\"widget\" data-e-type=\"widget\" data-widget_type=\"heading.default\">\n\t\t\t\t<div class=\"elementor-widget-container\">\n\t\t\t\t\t<h2 class=\"elementor-heading-title elementor-size-default\">\u00d6ZELL\u0130KLER<\/h2>\t\t\t\t<\/div>\n\t\t\t\t<\/div>\n\t\t\t\t<div class=\"elementor-element elementor-element-6520c4d elementor-widget elementor-widget-text-editor\" data-id=\"6520c4d\" data-element_type=\"widget\" data-e-type=\"widget\" data-widget_type=\"text-editor.default\">\n\t\t\t\t<div class=\"elementor-widget-container\">\n\t\t\t\t\t\t\t\t\t<ul><li>Uzun \u00f6m\u00fcrl\u00fc hassas d\u00f6k\u00fcm g\u00f6vde (pas. \u00e7elik model)<\/li><li>K\u00fc\u00e7\u00fck boyutlar<\/li><li>On-off uygulamalar\u0131 i\u00e7in<\/li><li>PN40 bas\u0131n\u00e7 s\u0131n\u0131f\u0131 (pas.\u00e7elik model), PN16 bas\u0131n\u00e7 s\u0131n\u0131f\u0131 (pirin\u00e7 model)<\/li><li>Kaynakl\u0131, di\u015fli veya flan\u015fl\u0131 ba\u011flant\u0131lar<\/li><li>Class IV veya Class VI s\u0131zd\u0131rmazl\u0131k s\u0131n\u0131flar\u0131<\/li><li>Uluslararas\u0131 normlara g\u00f6re malzeme ve s\u0131zd\u0131rmazl\u0131k testleri<\/li><li>-30,+220 aras\u0131 proses s\u0131cakl\u0131\u011f\u0131<\/li><li>D\u0131\u015f ortam s\u0131cakl\u0131\u011f\u0131: -30...+60 \u00b0C (malzeme se\u00e7eneklerine ba\u011fl\u0131 olarak)<\/li><\/ul><p>\u00a0 \u00a0 \u00a0 \u00a0 \u00a0 Pn\u00f6matik Vanalar<\/p><ul><li>50, 80 veya 125 mm \u00e7ap\u0131nda termoplastik veya al\u00fcminyum pistonlu aktuat\u00f6rler<\/li><li>Normalde yay kapatmal\u0131, hava ile a\u00e7mal\u0131<\/li><li>Elektro-pn\u00f6matik pozisyoner ile kontrol vanas\u0131 olarak kullan\u0131m imkan\u0131<\/li><li>Konum svi\u00e7leri hava y\u00f6n valfleri (solenoid vanalar ve iste\u011fe ba\u011fl\u0131 di\u011fer  aksesuarlar)<\/li><\/ul><p>\u00a0 \u00a0 \u00a0 \u00a0 \u00a0 \u00a0 \u00a0 Elektrikli Vanalar<\/p><ul><li>Besleme 24 VAC \/ DC veya 320 VAC, 50 \/ 60 Hz<\/li><li>IP 54 koruma s\u0131n\u0131f\u0131 motorlar (daha y\u00fcksek IP s\u0131n\u0131flar\u0131 ve ex-proof motorlar mevcuttur)<\/li><li>Acil el kumandas\u0131<\/li><li>Opsiyonel olarak, enerji kesilmesinde yay kapatmal\u0131 veya a\u00e7mal\u0131<\/li><\/ul>\t\t\t\t\t\t\t\t<\/div>\n\t\t\t\t<\/div>\n\t\t\t\t\t<\/div>\n\t\t<\/div>\n\t\t\t\t<div class=\"elementor-column elementor-col-50 elementor-top-column elementor-element elementor-element-09133f9\" data-id=\"09133f9\" data-element_type=\"column\" data-e-type=\"column\">\n\t\t\t<div class=\"elementor-widget-wrap elementor-element-populated\">\n\t\t\t\t\t\t<div class=\"elementor-element elementor-element-0f50023 elementor-widget elementor-widget-heading\" data-id=\"0f50023\" data-element_type=\"widget\" data-e-type=\"widget\" data-widget_type=\"heading.default\">\n\t\t\t\t<div class=\"elementor-widget-container\">\n\t\t\t\t\t<h2 class=\"elementor-heading-title elementor-size-default\">\u00dcR\u00dcNLER<\/h2>\t\t\t\t<\/div>\n\t\t\t\t<\/div>\n\t\t\t\t<section class=\"elementor-section elementor-inner-section elementor-element elementor-element-6d15251 elementor-section-boxed elementor-section-height-default elementor-section-height-default\" data-id=\"6d15251\" data-element_type=\"section\" data-e-type=\"section\" data-settings=\"{&quot;background_background&quot;:&quot;classic&quot;}\">\n\t\t\t\t\t\t<div class=\"elementor-container elementor-column-gap-default\">\n\t\t\t\t\t<div class=\"elementor-column elementor-col-100 elementor-inner-column elementor-element elementor-element-e2208e7\" data-id=\"e2208e7\" data-element_type=\"column\" data-e-type=\"column\">\n\t\t\t<div class=\"elementor-widget-wrap elementor-element-populated\">\n\t\t\t\t\t\t<div class=\"elementor-element elementor-element-d504beb elementor-widget elementor-widget-wp-widget-nav_menu\" data-id=\"d504beb\" data-element_type=\"widget\" data-e-type=\"widget\" data-widget_type=\"wp-widget-nav_menu.default\">\n\t\t\t\t<div class=\"elementor-widget-container\">\n\t\t\t\t\t<div class=\"menu-products-container\"><ul id=\"menu-products\" class=\"menu\"><li id=\"menu-item-1593\" class=\"menu-item menu-item-type-post_type menu-item-object-page menu-item-1593\"><a href=\"https:\/\/egecontrols.com.tr\/tr\/ecoflo-gv-high-pressure-control-valves\/\">ecoflo-GV Y\u00fcksek Bas\u0131n\u00e7 Kontrol Vanas\u0131<\/a><\/li>\n<li id=\"menu-item-1592\" class=\"menu-item menu-item-type-post_type menu-item-object-page menu-item-1592\"><a href=\"https:\/\/egecontrols.com.tr\/tr\/ecoflo-gv-pneumatic-control-valves\/\">ecoflo-GV Pn\u00f6matik Kontrol Vanas\u0131<\/a><\/li>\n<li id=\"menu-item-1591\" class=\"menu-item menu-item-type-post_type menu-item-object-page menu-item-1591\"><a href=\"https:\/\/egecontrols.com.tr\/tr\/ecoflo-gv-electric-control-valves\/\">ecoflo-GV Elektrikli Kontrol Vanas\u0131<\/a><\/li>\n<li id=\"menu-item-1590\" class=\"menu-item menu-item-type-post_type menu-item-object-page menu-item-1590\"><a href=\"https:\/\/egecontrols.com.tr\/tr\/ecoflo-bv-pneumatic-and-electric-ball-valves\/\">ecoflo-BV Pn\u00f6matik ve Motorlu K\u00fcresel Vana<\/a><\/li>\n<li id=\"menu-item-1589\" class=\"menu-item menu-item-type-post_type menu-item-object-page menu-item-1589\"><a href=\"https:\/\/egecontrols.com.tr\/tr\/ecoflo-vbv-v-ball-control-valves\/\">ecoflo-VBV V-Yar\u0131kl\u0131 Kontrol Vanalar\u0131<\/a><\/li>\n<li id=\"menu-item-1588\" class=\"menu-item menu-item-type-post_type menu-item-object-page menu-item-1588\"><a href=\"https:\/\/egecontrols.com.tr\/tr\/ecoflo-bt-pneumatic-and-electric-butterfly-valves\/\">ecoflo-BT Pn\u00f6matik ve Motorlu Kelebek Vana<\/a><\/li>\n<li id=\"menu-item-1587\" class=\"menu-item menu-item-type-post_type menu-item-object-page menu-item-1587\"><a href=\"https:\/\/egecontrols.com.tr\/tr\/ecoflo-as-pneumatic-and-electric-valves\/\">ecoflo-AS Y Tipi Vana<\/a><\/li>\n<\/ul><\/div>\t\t\t\t<\/div>\n\t\t\t\t<\/div>\n\t\t\t\t\t<\/div>\n\t\t<\/div>\n\t\t\t\t\t<\/div>\n\t\t<\/section>\n\t\t\t\t\t<\/div>\n\t\t<\/div>\n\t\t\t\t\t<\/div>\n\t\t<\/section>\n\t\t\t\t<\/div>","protected":false},"excerpt":{"rendered":"<p>ecoflo-AS Pneumatic and Electric Valves PN16\u2026PN40 \/ ANSI 150\u2026ANSI 250 ecoflo-AS series pneumatic and electric valves are designed as on-off or reglation valves for the control of liquids, gases and steam in 8 different sizes from DN 15 (1\/2\u201d) up to DN 80 (3\u201d). Provided with 2 different body material options, brass or stainless steel,<br \/><a class=\"moretag\" href=\"https:\/\/egecontrols.com.tr\/tr\/ecoflo-as-pneumatic-and-electric-valves\/\">+ Read More<\/a><\/p>","protected":false},"author":1,"featured_media":0,"parent":0,"menu_order":0,"comment_status":"closed","ping_status":"closed","template":"templates\/page-builder.php","meta":{"footnotes":""},"class_list":["post-1582","page","type-page","status-publish","hentry"],"_links":{"self":[{"href":"https:\/\/egecontrols.com.tr\/tr\/wp-json\/wp\/v2\/pages\/1582","targetHints":{"allow":["GET"]}}],"collection":[{"href":"https:\/\/egecontrols.com.tr\/tr\/wp-json\/wp\/v2\/pages"}],"about":[{"href":"https:\/\/egecontrols.com.tr\/tr\/wp-json\/wp\/v2\/types\/page"}],"author":[{"embeddable":true,"href":"https:\/\/egecontrols.com.tr\/tr\/wp-json\/wp\/v2\/users\/1"}],"replies":[{"embeddable":true,"href":"https:\/\/egecontrols.com.tr\/tr\/wp-json\/wp\/v2\/comments?post=1582"}],"version-history":[{"count":34,"href":"https:\/\/egecontrols.com.tr\/tr\/wp-json\/wp\/v2\/pages\/1582\/revisions"}],"predecessor-version":[{"id":2515,"href":"https:\/\/egecontrols.com.tr\/tr\/wp-json\/wp\/v2\/pages\/1582\/revisions\/2515"}],"wp:attachment":[{"href":"https:\/\/egecontrols.com.tr\/tr\/wp-json\/wp\/v2\/media?parent=1582"}],"curies":[{"name":"wp","href":"https:\/\/api.w.org\/{rel}","templated":true}]}}